{"id":13,"date":"2020-09-02T14:50:22","date_gmt":"2020-09-02T14:50:22","guid":{"rendered":"http:\/\/www.rocketsoft.eu\/?page_id=13"},"modified":"2021-06-28T20:42:25","modified_gmt":"2021-06-28T20:42:25","slug":"miert-minket-valasszon","status":"publish","type":"page","link":"https:\/\/www.rocketsoft.eu\/","title":{"rendered":"Mi\u00e9rt minket v\u00e1lasszon?"},"content":{"rendered":"<p><span style=\"color: #003366;\"><strong>Mit\u0151l vagyunk m\u00e1sok, mint m\u00e1sok?<\/strong><\/span><\/p>\n<p><span style=\"color: #003366;\">Sz\u00e1mtalan okos otthont \u00e9rt\u00e9kes\u00edt\u0151 c\u00e9g van a piacon, azonban mindegyiknek saj\u00e1t term\u00e9kcsal\u00e1dja van. Ez azt jelenti, hogy ha szeretn\u00e9nk, hogy valamely elektronikai term\u00e9k\u00fcnk a k\u00f6zponttal \u00f6sszek\u00f6thet\u0151 legyen, akkor az adott term\u00e9kcsal\u00e1d limit\u00e1lt egys\u00e9geib\u0151l kell v\u00e1lasztanunk \u00e9s a megl\u00e9v\u0151 term\u00e9k\u00fcnket (ami m\u0171k\u00f6d\u0151k\u00e9pes), mivel nem tudjuk csatlakoztatni, kidobjuk.<\/span><br \/>\n<span style=\"color: #003366;\">Mi ellenben egy olyan megold\u00e1st adunk, amivel a r\u00e9gi term\u00e9keit nem kell kidobni, nem kell \u00fajat v\u00e1s\u00e1rolni, \u00e9s nem az \u00e1ltalunk forgalmazott k\u00e9szletb\u0151l kell v\u00e1lasztani, hanem szabadon v\u00e1laszthat intelligens elektronikai term\u00e9ket, melyeket mi \u00f6sszekapcsolunk egy k\u00f6zponti egys\u00e9gbe.<\/span><\/p>\n","protected":false},"excerpt":{"rendered":"<p>Mit\u0151l vagyunk m\u00e1sok, mint m\u00e1sok? Sz\u00e1mtalan okos otthont \u00e9rt\u00e9kes\u00edt\u0151 c\u00e9g van a piacon, azonban mindegyiknek saj\u00e1t term\u00e9kcsal\u00e1dja van. Ez azt jelenti, hogy ha szeretn\u00e9nk, hogy valamely elektronikai term\u00e9k\u00fcnk a k\u00f6zponttal \u00f6sszek\u00f6thet\u0151 legyen, akkor az adott term\u00e9kcsal\u00e1d limit\u00e1lt egys\u00e9geib\u0151l kell v\u00e1lasztanunk&#8230;<br \/><a class=\"read-more-button\" href=\"https:\/\/www.rocketsoft.eu\/\">Read more<\/a><\/p>\n","protected":false},"author":1,"featured_media":0,"parent":0,"menu_order":0,"comment_status":"closed","ping_status":"closed","template":"template-without-title.php","meta":[],"_links":{"self":[{"href":"https:\/\/www.rocketsoft.eu\/index.php\/wp-json\/wp\/v2\/pages\/13"}],"collection":[{"href":"https:\/\/www.rocketsoft.eu\/index.php\/wp-json\/wp\/v2\/pages"}],"about":[{"href":"https:\/\/www.rocketsoft.eu\/index.php\/wp-json\/wp\/v2\/types\/page"}],"author":[{"embeddable":true,"href":"https:\/\/www.rocketsoft.eu\/index.php\/wp-json\/wp\/v2\/users\/1"}],"replies":[{"embeddable":true,"href":"https:\/\/www.rocketsoft.eu\/index.php\/wp-json\/wp\/v2\/comments?post=13"}],"version-history":[{"count":5,"href":"https:\/\/www.rocketsoft.eu\/index.php\/wp-json\/wp\/v2\/pages\/13\/revisions"}],"predecessor-version":[{"id":77,"href":"https:\/\/www.rocketsoft.eu\/index.php\/wp-json\/wp\/v2\/pages\/13\/revisions\/77"}],"wp:attachment":[{"href":"https:\/\/www.rocketsoft.eu\/index.php\/wp-json\/wp\/v2\/media?parent=13"}],"curies":[{"name":"wp","href":"https:\/\/api.w.org\/{rel}","templated":true}]}}