{"id":15,"date":"2020-09-02T14:50:50","date_gmt":"2020-09-02T14:50:50","guid":{"rendered":"http:\/\/www.rocketsoft.eu\/?page_id=15"},"modified":"2021-06-28T20:39:37","modified_gmt":"2021-06-28T20:39:37","slug":"elerhetosegunk","status":"publish","type":"page","link":"https:\/\/www.rocketsoft.eu\/index.php\/elerhetosegunk\/","title":{"rendered":"El\u00e9rhet\u0151s\u00e9g\u00fcnk"},"content":{"rendered":"<p><strong><span style=\"color: #003366;\">email:<\/span> <a href=\"mailto:info@rocketsoft.eu\">info@rocketsoft.eu<\/a><\/strong><\/p>\n<p><span style=\"color: #003366;\"><strong>Tel: 00 36 20&nbsp;355 2026<\/strong> \u00e9s <strong>00 36 20&nbsp;974 7841<\/strong><\/span><\/p>\n<p><span style=\"color: #003366;\">Jelenleg a felm\u00e9r\u00e9s \u00e9s \u00e1raj\u00e1nlat ingyenes. Keressen minket bizalommal.<\/span><\/p>\n","protected":false},"excerpt":{"rendered":"<p>email: info@rocketsoft.eu Tel: 00 36 20&nbsp;355 2026 \u00e9s 00 36 20&nbsp;974 7841 Jelenleg a felm\u00e9r\u00e9s \u00e9s \u00e1raj\u00e1nlat ingyenes. Keressen minket bizalommal.<\/p>\n","protected":false},"author":1,"featured_media":0,"parent":0,"menu_order":0,"comment_status":"closed","ping_status":"closed","template":"template-without-title.php","meta":[],"_links":{"self":[{"href":"https:\/\/www.rocketsoft.eu\/index.php\/wp-json\/wp\/v2\/pages\/15"}],"collection":[{"href":"https:\/\/www.rocketsoft.eu\/index.php\/wp-json\/wp\/v2\/pages"}],"about":[{"href":"https:\/\/www.rocketsoft.eu\/index.php\/wp-json\/wp\/v2\/types\/page"}],"author":[{"embeddable":true,"href":"https:\/\/www.rocketsoft.eu\/index.php\/wp-json\/wp\/v2\/users\/1"}],"replies":[{"embeddable":true,"href":"https:\/\/www.rocketsoft.eu\/index.php\/wp-json\/wp\/v2\/comments?post=15"}],"version-history":[{"count":6,"href":"https:\/\/www.rocketsoft.eu\/index.php\/wp-json\/wp\/v2\/pages\/15\/revisions"}],"predecessor-version":[{"id":73,"href":"https:\/\/www.rocketsoft.eu\/index.php\/wp-json\/wp\/v2\/pages\/15\/revisions\/73"}],"wp:attachment":[{"href":"https:\/\/www.rocketsoft.eu\/index.php\/wp-json\/wp\/v2\/media?parent=15"}],"curies":[{"name":"wp","href":"https:\/\/api.w.org\/{rel}","templated":true}]}}