{"id":17,"date":"2020-09-02T14:52:49","date_gmt":"2020-09-02T14:52:49","guid":{"rendered":"http:\/\/www.rocketsoft.eu\/?page_id=17"},"modified":"2021-06-28T20:40:12","modified_gmt":"2021-06-28T20:40:12","slug":"lehetosegek","status":"publish","type":"page","link":"https:\/\/www.rocketsoft.eu\/index.php\/lehetosegek\/","title":{"rendered":"Lehet\u0151s\u00e9gek"},"content":{"rendered":"<p><strong><span style=\"color: #003366;\">\u00cdzel\u00edt\u0151\u00fcl n\u00e9h\u00e1ny, az okos otthonban rejl\u0151 lehet\u0151s\u00e9g:<\/span><\/strong><\/p>\n<p><span style=\"color: #003366;\">&#8211; f\u0171t\u00e9svez\u00e9rl\u00e9s t\u00e1volr\u00f3l<\/span><br><span style=\"color: #003366;\">&#8211; intelligens kapcsol\u00e1s: hosszan nyomva lekapcsolja az \u00f6sszes l\u00e1mp\u00e1t \u00e9s beind\u00edtja a riaszt\u00f3t<\/span><br><span style=\"color: #003366;\">&#8211; teraszajt\u00f3 nyit\u00e1sra felkapcsol a terasz vil\u00e1g\u00edt\u00e1s<\/span><br><span style=\"color: #003366;\">&#8211; mozg\u00e1s\u00e9rz\u00e9kel\u0151 folyos\u00f3ra \u00e9s bej\u00e1rat<\/span><br><span style=\"color: #003366;\">&#8211; gar\u00e1zsajt\u00f3 nyit\u00e1s \u00e9rkez\u00e9skor<\/span><br><span style=\"color: #003366;\">&#8211; cseng\u0151 jelz\u00e9s a mobilon<\/span><br><span style=\"color: #003366;\">&#8211; v\u00edzfoly\u00e1s eset\u00e9n riaszt\u00e1s \u00e9s v\u00edzelz\u00e1r\u00e1s, konnektor lekapcsol\u00e1s<\/span><br><span style=\"color: #003366;\">&#8211; t\u0171z riaszt\u00e1s \u00e9s konnektorok lekapcsol\u00e1sa<\/span><br><span style=\"color: #003366;\">&#8211; projektor, v\u00e1szon vez\u00e9rl\u00e9s<\/span><br><span style=\"color: #003366;\">&#8211; h\u00e1zi mozi rendszer saj\u00e1t filmt\u00e1r<\/span><br><span style=\"color: #003366;\">&#8211; ut\u00f3lagos egyszer\u0171 b\u0151v\u00edthet\u0151s\u00e9g: pl. h\u0171t\u0151, k\u00e1v\u00e9f\u0151z\u0151, mosogat\u00f3g\u00e9p<\/span><br><span style=\"color: #003366;\">&#8211; f\u00fcgg\u00f6nyelh\u00faz\u00e1s reggel \u00e9s este<\/span><\/p>\n\n\n<figure class=\"wp-block-image size-large is-resized is-style-default\"><img loading=\"lazy\" src=\"http:\/\/www.rocketsoft.eu\/wp-content\/uploads\/2020\/09\/smart-home-IoT-solution.jpg\" alt=\"\" class=\"wp-image-58\" width=\"510\" height=\"282\" srcset=\"https:\/\/www.rocketsoft.eu\/wp-content\/uploads\/2020\/09\/smart-home-IoT-solution.jpg 980w, https:\/\/www.rocketsoft.eu\/wp-content\/uploads\/2020\/09\/smart-home-IoT-solution-300x167.jpg 300w, https:\/\/www.rocketsoft.eu\/wp-content\/uploads\/2020\/09\/smart-home-IoT-solution-768x426.jpg 768w\" sizes=\"(max-width: 510px) 100vw, 510px\" \/><\/figure>\n","protected":false},"excerpt":{"rendered":"<p>\u00cdzel\u00edt\u0151\u00fcl n\u00e9h\u00e1ny, az okos otthonban rejl\u0151 lehet\u0151s\u00e9g: &#8211; f\u0171t\u00e9svez\u00e9rl\u00e9s t\u00e1volr\u00f3l&#8211; intelligens kapcsol\u00e1s: hosszan nyomva lekapcsolja az \u00f6sszes l\u00e1mp\u00e1t \u00e9s beind\u00edtja a riaszt\u00f3t&#8211; teraszajt\u00f3 nyit\u00e1sra felkapcsol a terasz vil\u00e1g\u00edt\u00e1s&#8211; mozg\u00e1s\u00e9rz\u00e9kel\u0151 folyos\u00f3ra \u00e9s bej\u00e1rat&#8211; gar\u00e1zsajt\u00f3 nyit\u00e1s \u00e9rkez\u00e9skor&#8211; cseng\u0151 jelz\u00e9s a mobilon&#8211; v\u00edzfoly\u00e1s&#8230;<br \/><a class=\"read-more-button\" href=\"https:\/\/www.rocketsoft.eu\/index.php\/lehetosegek\/\">Read more<\/a><\/p>\n","protected":false},"author":1,"featured_media":0,"parent":0,"menu_order":0,"comment_status":"closed","ping_status":"closed","template":"template-without-title.php","meta":[],"_links":{"self":[{"href":"https:\/\/www.rocketsoft.eu\/index.php\/wp-json\/wp\/v2\/pages\/17"}],"collection":[{"href":"https:\/\/www.rocketsoft.eu\/index.php\/wp-json\/wp\/v2\/pages"}],"about":[{"href":"https:\/\/www.rocketsoft.eu\/index.php\/wp-json\/wp\/v2\/types\/page"}],"author":[{"embeddable":true,"href":"https:\/\/www.rocketsoft.eu\/index.php\/wp-json\/wp\/v2\/users\/1"}],"replies":[{"embeddable":true,"href":"https:\/\/www.rocketsoft.eu\/index.php\/wp-json\/wp\/v2\/comments?post=17"}],"version-history":[{"count":5,"href":"https:\/\/www.rocketsoft.eu\/index.php\/wp-json\/wp\/v2\/pages\/17\/revisions"}],"predecessor-version":[{"id":74,"href":"https:\/\/www.rocketsoft.eu\/index.php\/wp-json\/wp\/v2\/pages\/17\/revisions\/74"}],"wp:attachment":[{"href":"https:\/\/www.rocketsoft.eu\/index.php\/wp-json\/wp\/v2\/media?parent=17"}],"curies":[{"name":"wp","href":"https:\/\/api.w.org\/{rel}","templated":true}]}}